{"id":746,"date":"2019-08-18T04:05:47","date_gmt":"2019-08-18T04:05:47","guid":{"rendered":"http:\/\/ringuettesaintlaurent.com\/fr\/?page_id=746"},"modified":"2024-08-27T20:16:31","modified_gmt":"2024-08-27T20:16:31","slug":"programme","status":"publish","type":"page","link":"http:\/\/ringuettesaintlaurent.com\/fr\/programme\/","title":{"rendered":"Programme"},"content":{"rendered":"<style>.kb-image746_ff1c9b-d5.kb-image-is-ratio-size, .kb-image746_ff1c9b-d5 .kb-image-is-ratio-size{max-width:309px;width:100%;}.wp-block-kadence-column > .kt-inside-inner-col > .kb-image746_ff1c9b-d5.kb-image-is-ratio-size, .wp-block-kadence-column > .kt-inside-inner-col > .kb-image746_ff1c9b-d5 .kb-image-is-ratio-size{align-self:unset;}.kb-image746_ff1c9b-d5 figure{max-width:309px;}.kb-image746_ff1c9b-d5 .image-is-svg, .kb-image746_ff1c9b-d5 .image-is-svg img{width:100%;}.kb-image746_ff1c9b-d5 .kb-image-has-overlay:after{opacity:0.3;}<\/style>\n<div class=\"wp-block-kadence-image kb-image746_ff1c9b-d5\"><figure class=\"alignright size-large\"><a href=\"https:\/\/i0.wp.com\/ringuettesaintlaurent.com\/fr\/wp-content\/uploads\/sites\/2\/2016\/03\/JVN-B-action-2.jpg?ssl=1\" class=\"kb-advanced-image-link\"><img data-recalc-dims=\"1\" decoding=\"async\" width=\"1024\" height=\"685\" data-attachment-id=\"290\" data-permalink=\"http:\/\/ringuettesaintlaurent.com\/fr\/jvn-b-action-2\/\" data-orig-file=\"https:\/\/i0.wp.com\/ringuettesaintlaurent.com\/fr\/wp-content\/uploads\/sites\/2\/2016\/03\/JVN-B-action-2.jpg?fit=2161%2C1445&amp;ssl=1\" data-orig-size=\"2161,1445\" data-comments-opened=\"1\" data-image-meta=\"{&quot;aperture&quot;:&quot;4&quot;,&quot;credit&quot;:&quot;&quot;,&quot;camera&quot;:&quot;Canon EOS DIGITAL REBEL XS&quot;,&quot;caption&quot;:&quot;&quot;,&quot;created_timestamp&quot;:&quot;1447599937&quot;,&quot;copyright&quot;:&quot;&quot;,&quot;focal_length&quot;:&quot;55&quot;,&quot;iso&quot;:&quot;400&quot;,&quot;shutter_speed&quot;:&quot;0.004&quot;,&quot;title&quot;:&quot;&quot;,&quot;orientation&quot;:&quot;1&quot;}\" data-image-title=\"JVN B action 2\" data-image-description=\"\" data-image-caption=\"\" data-medium-file=\"https:\/\/i0.wp.com\/ringuettesaintlaurent.com\/fr\/wp-content\/uploads\/sites\/2\/2016\/03\/JVN-B-action-2.jpg?fit=300%2C201&amp;ssl=1\" data-large-file=\"https:\/\/i0.wp.com\/ringuettesaintlaurent.com\/fr\/wp-content\/uploads\/sites\/2\/2016\/03\/JVN-B-action-2.jpg?fit=1024%2C685&amp;ssl=1\" data-src=\"https:\/\/i0.wp.com\/ringuettesaintlaurent.com\/fr\/wp-content\/uploads\/sites\/2\/2016\/03\/JVN-B-action-2.jpg?resize=1024%2C685&#038;ssl=1\" alt=\"\" class=\"kb-img wp-image-290 lazyload\" data-srcset=\"https:\/\/i0.wp.com\/ringuettesaintlaurent.com\/fr\/wp-content\/uploads\/sites\/2\/2016\/03\/JVN-B-action-2.jpg?resize=1024%2C685&amp;ssl=1 1024w, https:\/\/i0.wp.com\/ringuettesaintlaurent.com\/fr\/wp-content\/uploads\/sites\/2\/2016\/03\/JVN-B-action-2.jpg?resize=300%2C201&amp;ssl=1 300w, https:\/\/i0.wp.com\/ringuettesaintlaurent.com\/fr\/wp-content\/uploads\/sites\/2\/2016\/03\/JVN-B-action-2.jpg?resize=768%2C514&amp;ssl=1 768w, https:\/\/i0.wp.com\/ringuettesaintlaurent.com\/fr\/wp-content\/uploads\/sites\/2\/2016\/03\/JVN-B-action-2.jpg?resize=272%2C182&amp;ssl=1 272w\" data-sizes=\"(max-width: 1024px) 100vw, 1024px\" src=\"data:image\/svg+xml;base64,PHN2ZyB3aWR0aD0iMSIgaGVpZ2h0PSIxIiB4bWxucz0iaHR0cDovL3d3dy53My5vcmcvMjAwMC9zdmciPjwvc3ZnPg==\" style=\"--smush-placeholder-width: 1024px; --smush-placeholder-aspect-ratio: 1024\/685;\" \/><\/a><\/figure><\/div>\n\n\n<style>.wp-block-kadence-advancedheading.kt-adv-heading746_032ae1-be, .wp-block-kadence-advancedheading.kt-adv-heading746_032ae1-be[data-kb-block=\"kb-adv-heading746_032ae1-be\"]{max-width:100%;text-align:left;font-style:normal;}.wp-block-kadence-advancedheading.kt-adv-heading746_032ae1-be mark.kt-highlight, .wp-block-kadence-advancedheading.kt-adv-heading746_032ae1-be[data-kb-block=\"kb-adv-heading746_032ae1-be\"] mark.kt-highlight{font-style:normal;color:#f76a0c;-webkit-box-decoration-break:clone;box-decoration-break:clone;padding-top:0px;padding-right:0px;padding-bottom:0px;padding-left:0px;}<\/style>\n<p class=\"kt-adv-heading746_032ae1-be wp-block-kadence-advancedheading\" data-kb-block=\"kb-adv-heading746_032ae1-be\">La ringuette offre un environnement o\u00f9 les filles tissent des liens forts en c\u00f4toyant une dizaine d\u2019autres joueuses quelques fois par semaines. Elles vont d\u00e9velopper des valeurs de respect collectif et d\u2019entraide tout en essayant de se d\u00e9passer.<br><br>\u00c9tant un sport destin\u00e9 aux filles, la ringuette est ax\u00e9e sur la participation et le <em>fairplay<\/em>. Il n\u2019y a personne qui joue \u00e0 la ringuette avec l\u2019espoir d\u2019en faire un m\u00e9tier et cet esprit r\u00e9cr\u00e9atif se refl\u00e8te \u00e0 tous les niveaux chez les joueuses et chez les parents.<br><br>Les \u00e9quipes sont divis\u00e9es selon les groupes d\u2019\u00e2ges suivants. L\u2019\u00e2ge de la joueuse au 31 d\u00e9cembre est consid\u00e9r\u00e9.<\/p>\n\n\n\n<ul class=\"wp-block-list\">\n<li>Moustique : 7 ans et moins<\/li>\n\n\n\n<li>Novice : 8 et 9 ans<\/li>\n\n\n\n<li>Atome : 10 et 11 ans<\/li>\n\n\n\n<li>Benjamine : 12 et 13 ans<\/li>\n\n\n\n<li>Junior : 14 et 15 ans<\/li>\n\n\n\n<li>Cadette : 16 \u00e0 18 ans<\/li>\n\n\n\n<li>Interm\u00e9diaire : 19 ans et plus<\/li>\n<\/ul>\n\n\n<style>.wp-block-kadence-advancedheading.kt-adv-heading746_ceb1df-60, .wp-block-kadence-advancedheading.kt-adv-heading746_ceb1df-60[data-kb-block=\"kb-adv-heading746_ceb1df-60\"]{font-style:normal;}.wp-block-kadence-advancedheading.kt-adv-heading746_ceb1df-60 mark.kt-highlight, .wp-block-kadence-advancedheading.kt-adv-heading746_ceb1df-60[data-kb-block=\"kb-adv-heading746_ceb1df-60\"] mark.kt-highlight{font-style:normal;color:#f76a0c;-webkit-box-decoration-break:clone;box-decoration-break:clone;padding-top:0px;padding-right:0px;padding-bottom:0px;padding-left:0px;}<\/style>\n<h4 class=\"kt-adv-heading746_ceb1df-60 wp-block-kadence-advancedheading\" data-kb-block=\"kb-adv-heading746_ceb1df-60\">Comment se d\u00e9roule une saison<\/h4>\n\n\n<style>.wp-block-kadence-advancedheading.kt-adv-heading746_7856d4-2c, .wp-block-kadence-advancedheading.kt-adv-heading746_7856d4-2c[data-kb-block=\"kb-adv-heading746_7856d4-2c\"]{font-style:normal;}.wp-block-kadence-advancedheading.kt-adv-heading746_7856d4-2c mark.kt-highlight, .wp-block-kadence-advancedheading.kt-adv-heading746_7856d4-2c[data-kb-block=\"kb-adv-heading746_7856d4-2c\"] mark.kt-highlight{font-style:normal;color:#f76a0c;-webkit-box-decoration-break:clone;box-decoration-break:clone;padding-top:0px;padding-right:0px;padding-bottom:0px;padding-left:0px;}<\/style>\n<p class=\"kt-adv-heading746_7856d4-2c wp-block-kadence-advancedheading\" data-kb-block=\"kb-adv-heading746_7856d4-2c\">La saison de ringuette d\u00e9bute en <strong>septembre<\/strong> et se termine \u00e0 la fin <strong>mars <\/strong>pour les \u00e9quipes qui participent aux s\u00e9ries de fin de saison.<br><br>Les filles ont la chance de jouer une vingtaine de parties dans une saison. La moiti\u00e9 des parties seront \u00e0 l\u2019ar\u00e9na Raymond-Bourque et l&rsquo;autre moiti\u00e9 dans une des villes de la R\u00e9gion du Lac Saint-Louis : Pierrefonds\/DDO, Beaconsfield\/Kirkland, Pointe-Claire, Vaudreuil, NDG et Montr\u00e9al.<br><br>Avec les pratiques, il y a entre 2 et 3 \u00e9v\u00e8nements par semaine, principalement les fins de semaine. Les pratiques sont majoritairement \u00e0 l\u2019ar\u00e9na Raymond-Bourque et quelques fois \u00e0 l&rsquo;ar\u00e9na du C\u00e9gep Saint-Laurent.<\/p>\n\n\n<style>.wp-block-kadence-advancedheading.kt-adv-heading746_706180-1f, .wp-block-kadence-advancedheading.kt-adv-heading746_706180-1f[data-kb-block=\"kb-adv-heading746_706180-1f\"]{font-style:normal;}.wp-block-kadence-advancedheading.kt-adv-heading746_706180-1f mark.kt-highlight, .wp-block-kadence-advancedheading.kt-adv-heading746_706180-1f[data-kb-block=\"kb-adv-heading746_706180-1f\"] mark.kt-highlight{font-style:normal;color:#f76a0c;-webkit-box-decoration-break:clone;box-decoration-break:clone;padding-top:0px;padding-right:0px;padding-bottom:0px;padding-left:0px;}<\/style>\n<h4 class=\"kt-adv-heading746_706180-1f wp-block-kadence-advancedheading\" data-kb-block=\"kb-adv-heading746_706180-1f\">Programme de d\u00e9veloppement pour apprendre \u00e0 patiner et jouer \u00e0 la ringuette<\/h4>\n\n\n<style>.kb-image746_ad2ee3-bf.kb-image-is-ratio-size, .kb-image746_ad2ee3-bf .kb-image-is-ratio-size{max-width:350px;width:100%;}.wp-block-kadence-column > .kt-inside-inner-col > .kb-image746_ad2ee3-bf.kb-image-is-ratio-size, .wp-block-kadence-column > .kt-inside-inner-col > .kb-image746_ad2ee3-bf .kb-image-is-ratio-size{align-self:unset;}.kb-image746_ad2ee3-bf figure{max-width:350px;}.kb-image746_ad2ee3-bf .image-is-svg, .kb-image746_ad2ee3-bf .image-is-svg img{width:100%;}.kb-image746_ad2ee3-bf .kb-image-has-overlay:after{opacity:0.3;}<\/style>\n<div class=\"wp-block-kadence-image kb-image746_ad2ee3-bf\"><figure class=\"alignleft size-full\"><a href=\"https:\/\/i0.wp.com\/ringuettesaintlaurent.com\/fr\/wp-content\/uploads\/sites\/2\/2018\/05\/Moustique-practice-Small.jpg?ssl=1\" class=\"kb-advanced-image-link\"><img data-recalc-dims=\"1\" decoding=\"async\" width=\"617\" height=\"411\" data-attachment-id=\"552\" data-permalink=\"http:\/\/ringuettesaintlaurent.com\/fr\/moustique-practice-small\/\" data-orig-file=\"https:\/\/i0.wp.com\/ringuettesaintlaurent.com\/fr\/wp-content\/uploads\/sites\/2\/2018\/05\/Moustique-practice-Small.jpg?fit=617%2C411&amp;ssl=1\" data-orig-size=\"617,411\" data-comments-opened=\"1\" data-image-meta=\"{&quot;aperture&quot;:&quot;0&quot;,&quot;credit&quot;:&quot;&quot;,&quot;camera&quot;:&quot;&quot;,&quot;caption&quot;:&quot;&quot;,&quot;created_timestamp&quot;:&quot;0&quot;,&quot;copyright&quot;:&quot;&quot;,&quot;focal_length&quot;:&quot;0&quot;,&quot;iso&quot;:&quot;0&quot;,&quot;shutter_speed&quot;:&quot;0&quot;,&quot;title&quot;:&quot;&quot;,&quot;orientation&quot;:&quot;1&quot;}\" data-image-title=\"Moustique practice Small\" data-image-description=\"\" data-image-caption=\"\" data-medium-file=\"https:\/\/i0.wp.com\/ringuettesaintlaurent.com\/fr\/wp-content\/uploads\/sites\/2\/2018\/05\/Moustique-practice-Small.jpg?fit=300%2C200&amp;ssl=1\" data-large-file=\"https:\/\/i0.wp.com\/ringuettesaintlaurent.com\/fr\/wp-content\/uploads\/sites\/2\/2018\/05\/Moustique-practice-Small.jpg?fit=617%2C411&amp;ssl=1\" data-src=\"https:\/\/i0.wp.com\/ringuettesaintlaurent.com\/fr\/wp-content\/uploads\/sites\/2\/2018\/05\/Moustique-practice-Small.jpg?resize=617%2C411&#038;ssl=1\" alt=\"\" class=\"kb-img wp-image-552 lazyload\" data-srcset=\"https:\/\/i0.wp.com\/ringuettesaintlaurent.com\/fr\/wp-content\/uploads\/sites\/2\/2018\/05\/Moustique-practice-Small.jpg?w=617&amp;ssl=1 617w, https:\/\/i0.wp.com\/ringuettesaintlaurent.com\/fr\/wp-content\/uploads\/sites\/2\/2018\/05\/Moustique-practice-Small.jpg?resize=300%2C200&amp;ssl=1 300w, https:\/\/i0.wp.com\/ringuettesaintlaurent.com\/fr\/wp-content\/uploads\/sites\/2\/2018\/05\/Moustique-practice-Small.jpg?resize=272%2C182&amp;ssl=1 272w\" data-sizes=\"(max-width: 617px) 100vw, 617px\" src=\"data:image\/svg+xml;base64,PHN2ZyB3aWR0aD0iMSIgaGVpZ2h0PSIxIiB4bWxucz0iaHR0cDovL3d3dy53My5vcmcvMjAwMC9zdmciPjwvc3ZnPg==\" style=\"--smush-placeholder-width: 617px; --smush-placeholder-aspect-ratio: 617\/411;\" \/><\/a><\/figure><\/div>\n\n\n\n<p>Pour d\u00e9buter la ringuette, <strong>il n\u2019est pas n\u00e9cessaire de savoir patiner<\/strong>, notre programme permet d\u2019apprendre \u00e0 patiner tout en s\u2019amusant avec un anneau et un b\u00e2ton. Pour quelqu\u2019un qui veut apprendre \u00e0 patiner et jouer, le programme Moustique d\u00e9marre en septembre \u00e0 raison d\u2019une heure chaque samedi et dimanche apr\u00e8s-midi. Les premiers mois sont ax\u00e9s sur l\u2019apprentissage du patin en faisant des jeux et tranquillement nous allons introduire des notions de ringuette.<br><br>En janvier, f\u00e9vrier et mars, la nouvelle patineuse aura la chance de faire ses premi\u00e8res parties de ringuette contre des joueuses d\u00e9butantes des villes environnantes. Chaque saison on r\u00e9ussit \u00e0 organiser entre 6 et 8 parties amicales pour les nouvelles joueuses de ringuette.<br><br>Lorsque nous avons assez de joueuses de 7 ans et moins qui savent bien patiner, nous organisons des parties contre les autres \u00e9quipes du Lac Saint-Louis d\u00e8s novembre.<br><\/p>\n\n\n<style>.wp-block-kadence-advancedheading.kt-adv-heading746_234e07-54, .wp-block-kadence-advancedheading.kt-adv-heading746_234e07-54[data-kb-block=\"kb-adv-heading746_234e07-54\"]{font-style:normal;}.wp-block-kadence-advancedheading.kt-adv-heading746_234e07-54 mark.kt-highlight, .wp-block-kadence-advancedheading.kt-adv-heading746_234e07-54[data-kb-block=\"kb-adv-heading746_234e07-54\"] mark.kt-highlight{font-style:normal;color:#f76a0c;-webkit-box-decoration-break:clone;box-decoration-break:clone;padding-top:0px;padding-right:0px;padding-bottom:0px;padding-left:0px;}<\/style>\n<h4 class=\"kt-adv-heading746_234e07-54 wp-block-kadence-advancedheading\" data-kb-block=\"kb-adv-heading746_234e07-54\">Quelles sont les diff\u00e9rences avec le hockey?<\/h4>\n\n\n<style>.kb-image746_74f4dd-d0.kb-image-is-ratio-size, .kb-image746_74f4dd-d0 .kb-image-is-ratio-size{max-width:300px;width:100%;}.wp-block-kadence-column > .kt-inside-inner-col > .kb-image746_74f4dd-d0.kb-image-is-ratio-size, .wp-block-kadence-column > .kt-inside-inner-col > .kb-image746_74f4dd-d0 .kb-image-is-ratio-size{align-self:unset;}.kb-image746_74f4dd-d0 figure{max-width:300px;}.kb-image746_74f4dd-d0 .image-is-svg, .kb-image746_74f4dd-d0 .image-is-svg img{width:100%;}.kb-image746_74f4dd-d0 .kb-image-has-overlay:after{opacity:0.3;}<\/style>\n<div class=\"wp-block-kadence-image kb-image746_74f4dd-d0\"><figure class=\"alignright size-large\"><a href=\"https:\/\/i0.wp.com\/ringuettesaintlaurent.com\/fr\/wp-content\/uploads\/sites\/2\/2018\/05\/IMG_0925.jpg?ssl=1\" class=\"kb-advanced-image-link\"><img data-recalc-dims=\"1\" decoding=\"async\" width=\"1024\" height=\"768\" data-attachment-id=\"533\" data-permalink=\"http:\/\/ringuettesaintlaurent.com\/fr\/img_0925\/\" data-orig-file=\"https:\/\/i0.wp.com\/ringuettesaintlaurent.com\/fr\/wp-content\/uploads\/sites\/2\/2018\/05\/IMG_0925.jpg?fit=3264%2C2448&amp;ssl=1\" data-orig-size=\"3264,2448\" data-comments-opened=\"1\" data-image-meta=\"{&quot;aperture&quot;:&quot;2.2&quot;,&quot;credit&quot;:&quot;&quot;,&quot;camera&quot;:&quot;iPhone 6&quot;,&quot;caption&quot;:&quot;&quot;,&quot;created_timestamp&quot;:&quot;1489335902&quot;,&quot;copyright&quot;:&quot;&quot;,&quot;focal_length&quot;:&quot;4.15&quot;,&quot;iso&quot;:&quot;32&quot;,&quot;shutter_speed&quot;:&quot;0.025&quot;,&quot;title&quot;:&quot;&quot;,&quot;orientation&quot;:&quot;1&quot;}\" data-image-title=\"Moustique Game\" data-image-description=\"\" data-image-caption=\"\" data-medium-file=\"https:\/\/i0.wp.com\/ringuettesaintlaurent.com\/fr\/wp-content\/uploads\/sites\/2\/2018\/05\/IMG_0925.jpg?fit=300%2C225&amp;ssl=1\" data-large-file=\"https:\/\/i0.wp.com\/ringuettesaintlaurent.com\/fr\/wp-content\/uploads\/sites\/2\/2018\/05\/IMG_0925.jpg?fit=1024%2C768&amp;ssl=1\" data-src=\"https:\/\/i0.wp.com\/ringuettesaintlaurent.com\/fr\/wp-content\/uploads\/sites\/2\/2018\/05\/IMG_0925.jpg?resize=1024%2C768&#038;ssl=1\" alt=\"\" class=\"kb-img wp-image-533 lazyload\" data-srcset=\"https:\/\/i0.wp.com\/ringuettesaintlaurent.com\/fr\/wp-content\/uploads\/sites\/2\/2018\/05\/IMG_0925.jpg?resize=1024%2C768&amp;ssl=1 1024w, https:\/\/i0.wp.com\/ringuettesaintlaurent.com\/fr\/wp-content\/uploads\/sites\/2\/2018\/05\/IMG_0925.jpg?resize=300%2C225&amp;ssl=1 300w, https:\/\/i0.wp.com\/ringuettesaintlaurent.com\/fr\/wp-content\/uploads\/sites\/2\/2018\/05\/IMG_0925.jpg?resize=768%2C576&amp;ssl=1 768w, https:\/\/i0.wp.com\/ringuettesaintlaurent.com\/fr\/wp-content\/uploads\/sites\/2\/2018\/05\/IMG_0925.jpg?w=2580&amp;ssl=1 2580w\" data-sizes=\"(max-width: 1024px) 100vw, 1024px\" src=\"data:image\/svg+xml;base64,PHN2ZyB3aWR0aD0iMSIgaGVpZ2h0PSIxIiB4bWxucz0iaHR0cDovL3d3dy53My5vcmcvMjAwMC9zdmciPjwvc3ZnPg==\" style=\"--smush-placeholder-width: 1024px; --smush-placeholder-aspect-ratio: 1024\/768;\" \/><\/a><\/figure><\/div>\n\n\n\n<p>L\u2019\u00e9quipement de ringuette est tr\u00e8s similaire au hockey, il n\u2019y a que la visi\u00e8re, les pantalons et le b\u00e2ton qui sont diff\u00e9rents. Pour plus de d\u00e9tails sur l\u2019\u00e9quipement, consultez cette <a href=\"https:\/\/www.ringettepei.ca\/cloud\/ringettepei\/files\/player%20equipment.png\" title=\"image \">image<\/a> de Ringuette Canada. <br><br>Pour ce qui est <a href=\"https:\/\/ringuettesaintlaurent.com\/fr\/regles-de-base-pour-la-ringuette\/\">des r\u00e8gles du jeu<\/a>, c\u2019est totalement diff\u00e9rent! C\u2019est plus rapide que le hockey car les joueuses doivent faire une passe \u00e0 chaque ligne bleue. Ceci permet une transition tr\u00e8s rapide, il est m\u00eame possible de faire une passe de la zone centrale de la patinoire \u00e0 une joueuse qui est directement devant le but. Certains disent que les joueuses de ringuette sont des meilleures patineuses que les joueurs de hockey car le jeu est ax\u00e9 sur les d\u00e9placements rapides et les pivots avec l&rsquo;anneau afin de percer la d\u00e9fensive. Ce sera \u00e0 vous de juger!<\/p>\n\n\n<style>.wp-block-kadence-advancedbtn.kb-btns746_760cc5-2d{gap:var(--global-kb-gap-xs, 0.5rem );justify-content:center;align-items:center;}.kt-btns746_760cc5-2d .kt-button{font-weight:normal;font-style:normal;}.kt-btns746_760cc5-2d .kt-btn-wrap-0{margin-right:5px;}.wp-block-kadence-advancedbtn.kt-btns746_760cc5-2d .kt-btn-wrap-0 .kt-button{color:#555555;border-color:#555555;}.wp-block-kadence-advancedbtn.kt-btns746_760cc5-2d .kt-btn-wrap-0 .kt-button:hover, .wp-block-kadence-advancedbtn.kt-btns746_760cc5-2d .kt-btn-wrap-0 .kt-button:focus{color:#ffffff;border-color:#444444;}.wp-block-kadence-advancedbtn.kt-btns746_760cc5-2d .kt-btn-wrap-0 .kt-button::before{display:none;}.wp-block-kadence-advancedbtn.kt-btns746_760cc5-2d .kt-btn-wrap-0 .kt-button:hover, .wp-block-kadence-advancedbtn.kt-btns746_760cc5-2d .kt-btn-wrap-0 .kt-button:focus{background:#444444;}<\/style>\n<div class=\"wp-block-kadence-advancedbtn kb-buttons-wrap kb-btns746_760cc5-2d\"><style>ul.menu .wp-block-kadence-advancedbtn .kb-btn746_eda041-d7.kb-button{width:initial;}.wp-block-kadence-advancedbtn .kb-btn746_eda041-d7.kb-button{background:var(--global-palette2, #2B6CB0);}.wp-block-kadence-advancedbtn .kb-btn746_eda041-d7.kb-button:hover, .wp-block-kadence-advancedbtn .kb-btn746_eda041-d7.kb-button:focus{background:var(--global-palette1, #3182CE);}<\/style><a class=\"kb-button kt-button button kb-btn746_eda041-d7 kt-btn-size-standard kt-btn-width-type-auto kb-btn-global-fill kt-btn-has-text-true kt-btn-has-svg-false wp-block-kadence-singlebtn\" href=\"https:\/\/ringuettesaintlaurent.com\/fr\/inscription\/\"><span class=\"kt-btn-inner-text\">Inscription en ligne<\/span><\/a><\/div>\n\n\n\n<p>Pour plus d&rsquo;information vous pouvez nous rejoindre par courriel : <a href=\"mailto:info@ringuettesaintlaurent.com\" title=\"info@ringuettesaintlaurent.com\">info@ringuettesaintlaurent.com<\/a><\/p>\n","protected":false},"excerpt":{"rendered":"<p>La ringuette offre un environnement o\u00f9 les filles tissent des liens forts en c\u00f4toyant une dizaine d\u2019autres joueuses quelques fois par semaines. Elles vont d\u00e9velopper des valeurs de respect collectif et d\u2019entraide tout en essayant de se d\u00e9passer. \u00c9tant un sport destin\u00e9 aux filles, la ringuette est ax\u00e9e sur la participation et le fairplay. Il&#8230;<\/p>\n","protected":false},"author":1,"featured_media":0,"parent":0,"menu_order":0,"comment_status":"closed","ping_status":"closed","template":"","meta":{"_kad_post_transparent":"","_kad_post_title":"","_kad_post_layout":"","_kad_post_sidebar_id":"","_kad_post_content_style":"","_kad_post_vertical_padding":"","_kad_post_feature":"","_kad_post_feature_position":"","_kad_post_header":false,"_kad_post_footer":false,"jetpack_post_was_ever_published":false,"footnotes":"","_links_to":"","_links_to_target":""},"class_list":["post-746","page","type-page","status-publish","hentry"],"jetpack_sharing_enabled":true,"jetpack_shortlink":"https:\/\/wp.me\/P9XyVy-c2","jetpack-related-posts":[],"_links":{"self":[{"href":"http:\/\/ringuettesaintlaurent.com\/fr\/wp-json\/wp\/v2\/pages\/746","targetHints":{"allow":["GET"]}}],"collection":[{"href":"http:\/\/ringuettesaintlaurent.com\/fr\/wp-json\/wp\/v2\/pages"}],"about":[{"href":"http:\/\/ringuettesaintlaurent.com\/fr\/wp-json\/wp\/v2\/types\/page"}],"author":[{"embeddable":true,"href":"http:\/\/ringuettesaintlaurent.com\/fr\/wp-json\/wp\/v2\/users\/1"}],"replies":[{"embeddable":true,"href":"http:\/\/ringuettesaintlaurent.com\/fr\/wp-json\/wp\/v2\/comments?post=746"}],"version-history":[{"count":10,"href":"http:\/\/ringuettesaintlaurent.com\/fr\/wp-json\/wp\/v2\/pages\/746\/revisions"}],"predecessor-version":[{"id":1059,"href":"http:\/\/ringuettesaintlaurent.com\/fr\/wp-json\/wp\/v2\/pages\/746\/revisions\/1059"}],"wp:attachment":[{"href":"http:\/\/ringuettesaintlaurent.com\/fr\/wp-json\/wp\/v2\/media?parent=746"}],"curies":[{"name":"wp","href":"https:\/\/api.w.org\/{rel}","templated":true}]}}