{"id":59,"date":"2014-08-07T14:06:30","date_gmt":"2014-08-07T14:06:30","guid":{"rendered":"http:\/\/ringuettesaintlaurent.com\/fr\/?page_id=59"},"modified":"2025-07-18T00:35:46","modified_gmt":"2025-07-18T00:35:46","slug":"inscription","status":"publish","type":"page","link":"http:\/\/ringuettesaintlaurent.com\/fr\/inscription\/","title":{"rendered":"Inscription 2025-2026"},"content":{"rendered":"\n<p><span style=\"font-size: 14pt;\">L&rsquo;association de Ringuette Saint-Laurent accueille les joueuses de Saint-Laurent, Cartierville et Mont-Royal.<\/span><\/p>\n\n\n\n<p><span lang=\"FR-CA\" style=\"font-size: 14pt;\">SVP cliquez sur un des liens ci-dessous pour remplir un formulaire d\u2019inscription<\/span> :<\/p>\n\n\n\n<p><span style=\"font-size: 14pt;\">Formulaire pour les enfants \u2013<a href=\"https:\/\/forms.gle\/Uy9WjL3TQzmp7jtg8\" target=\"_blank\" rel=\"noreferrer noopener\"> JE SUIS UN PARENT QUI INSCRIT UNE JOUEUSE<\/a><\/span><\/p>\n\n\n\n<p><span style=\"font-size: 14pt;\">Formulaire pour les \u00e9quipes adultes\u00a0\u2013 <a href=\"https:\/\/forms.gle\/su6eUE3VHwHeYY849\" target=\"_blank\" rel=\"noreferrer noopener\">JE SUIS UNE JOUEUSE ADULTE<\/a><\/span><\/p>\n\n\n\n<p>NB : <span lang=\"FR-CA\">Le message qui appara\u00eet \u00e0 votre \u00e9cran \u00e0 la fin de votre inscription est la confirmation que nous l\u2019avons bien re\u00e7ue. Un courriel de confirmation est aussi envoy\u00e9. SVP suivre les instructions de paiement contenues dans le message.<\/span><\/p>\n\n\n\n<figure class=\"wp-block-table\">\n    <style>\n        table {\n            width: 100%;\n            border-collapse: collapse;\n        }\n        th, td {\n            border: 1px solid #ddd;\n            padding: 8px;\n            text-align: left;\n        }\n        th:nth-child(1),\n        td:nth-child(1) {\n            width: 30%;\n        }\n        th:nth-child(2),\n        td:nth-child(2) {\n            width: 20%;\n            text-align: center;\n        }\n        th:nth-child(3),\n        td:nth-child(3) {\n            width: 30%;\n            text-align: center;\n        }\n        \/* Align the second part of the category *\/\n        .category {\n            display: inline-block;\n            width: 40px; \/* Set a fixed width for the first part *\/\n        }\n        .name {\n            display: inline-block;\n            padding-left: 10px; \/* Adjust space between parts *\/\n        }\n        \/* Alternating row shading *\/\n        tbody tr:nth-child(odd) {\n            background-color: #f2f2f2;\n        }\n        tbody tr:nth-child(even) {\n            background-color: #ffffff;\n        }\n        \/* Multi-line header *\/\n        th:nth-child(2) {\n            white-space: normal;\n        }\n    <\/style>\n    <table>\n        <thead>\n            <tr>\n                <th>Cat\u00e9gorie<\/th>\n                <th>\u00c2ge<br>au 31-d\u00e9c-2025<\/th>\n                <th>Co\u00fbt<\/th>\n            <\/tr>\n        <\/thead>\n        <tbody>\n            <tr>\n                <td><span class=\"category\">U8<\/span><span class=\"name\">Moustique<\/span><\/td>\n                <td>4-7<\/td>\n                <td>100 $<\/td>\n            <\/tr>\n            <tr>\n                <td><span class=\"category\">U10<\/span><span class=\"name\">Novice<\/span><\/td>\n                <td>8-9<\/td>\n                <td>&nbsp;&nbsp;&nbsp;175 $ *<\/td>\n            <\/tr>\n            <tr>\n                <td><span class=\"category\">U12<\/span><span class=\"name\">Atome<\/span><\/td>\n                <td>10-11<\/td>\n                <td>&nbsp;&nbsp;&nbsp;175 $ *<\/td>\n            <\/tr>\n            <tr>\n                <td><span class=\"category\">U14<\/span><span class=\"name\">Benjamine<\/span><\/td>\n                <td>12-13<\/td>\n                <td>&nbsp;&nbsp;&nbsp;200 $ *<\/td>\n            <\/tr>\n            <tr>\n                <td><span class=\"category\">U16<\/span><span class=\"name\">Junior<\/span><\/td>\n                <td>14-15<\/td>\n                <td>&nbsp;&nbsp;&nbsp;275 $ *<\/td>\n            <\/tr>\n            <tr>\n                <td><span class=\"category\">U19<\/span><span class=\"name\">Cadette<\/span><\/td>\n                <td>16-18<\/td>\n                <td>300 $<\/td>\n            <\/tr>\n            <tr>\n                <td><span class=\"category\">19+<\/span><span class=\"name\">Inter A\/B\/C<\/span><\/td>\n                <td>19+<\/td>\n                <td>300 $<\/td>\n            <\/tr>\n            <tr>\n                <td><span class=\"category\">19+<\/span><span class=\"name\">Open A<\/span><\/td>\n                <td>19+<\/td>\n                <td>400 $<\/td>\n            <\/tr>\n            <tr>\n                <td colspan=\"3\">* Novice \u00e0 Cadette : des frais suppl\u00e9mentaires d&rsquo;environ 150 $ seront aussi charg\u00e9s pour le budget d&rsquo;\u00e9quipe<\/td>\n            <\/tr>\n        <\/tbody>\n    <\/table>\n<\/figure>\n","protected":false},"excerpt":{"rendered":"<p>L&rsquo;association de Ringuette Saint-Laurent accueille les joueuses de Saint-Laurent, Cartierville et Mont-Royal. SVP cliquez sur un des liens ci-dessous pour remplir un formulaire d\u2019inscription : Formulaire pour les enfants \u2013 JE SUIS UN PARENT QUI INSCRIT UNE JOUEUSE Formulaire pour les \u00e9quipes adultes\u00a0\u2013 JE SUIS UNE JOUEUSE ADULTE NB : Le message qui appara\u00eet \u00e0&#8230;<\/p>\n","protected":false},"author":1,"featured_media":0,"parent":0,"menu_order":2,"comment_status":"closed","ping_status":"closed","template":"","meta":{"_kad_post_transparent":"","_kad_post_title":"","_kad_post_layout":"","_kad_post_sidebar_id":"","_kad_post_content_style":"","_kad_post_vertical_padding":"","_kad_post_feature":"","_kad_post_feature_position":"","_kad_post_header":false,"_kad_post_footer":false,"jetpack_post_was_ever_published":false,"footnotes":"","_links_to":"","_links_to_target":""},"class_list":["post-59","page","type-page","status-publish","hentry"],"jetpack_sharing_enabled":true,"jetpack_shortlink":"https:\/\/wp.me\/P9XyVy-X","jetpack-related-posts":[],"_links":{"self":[{"href":"http:\/\/ringuettesaintlaurent.com\/fr\/wp-json\/wp\/v2\/pages\/59","targetHints":{"allow":["GET"]}}],"collection":[{"href":"http:\/\/ringuettesaintlaurent.com\/fr\/wp-json\/wp\/v2\/pages"}],"about":[{"href":"http:\/\/ringuettesaintlaurent.com\/fr\/wp-json\/wp\/v2\/types\/page"}],"author":[{"embeddable":true,"href":"http:\/\/ringuettesaintlaurent.com\/fr\/wp-json\/wp\/v2\/users\/1"}],"replies":[{"embeddable":true,"href":"http:\/\/ringuettesaintlaurent.com\/fr\/wp-json\/wp\/v2\/comments?post=59"}],"version-history":[{"count":66,"href":"http:\/\/ringuettesaintlaurent.com\/fr\/wp-json\/wp\/v2\/pages\/59\/revisions"}],"predecessor-version":[{"id":1081,"href":"http:\/\/ringuettesaintlaurent.com\/fr\/wp-json\/wp\/v2\/pages\/59\/revisions\/1081"}],"wp:attachment":[{"href":"http:\/\/ringuettesaintlaurent.com\/fr\/wp-json\/wp\/v2\/media?parent=59"}],"curies":[{"name":"wp","href":"https:\/\/api.w.org\/{rel}","templated":true}]}}