{"id":746,"date":"2019-08-18T04:05:47","date_gmt":"2019-08-18T04:05:47","guid":{"rendered":"http:\/\/ringuettesaintlaurent.com\/fr\/?page_id=746"},"modified":"2024-08-27T20:16:31","modified_gmt":"2024-08-27T20:16:31","slug":"programme","status":"publish","type":"page","link":"http:\/\/ringuettesaintlaurent.com\/fr\/en\/programme\/","title":{"rendered":"Program"},"content":{"rendered":"<style>.kb-image746_ff1c9b-d5.kb-image-is-ratio-size, .kb-image746_ff1c9b-d5 .kb-image-is-ratio-size{max-width:309px;width:100%;}.wp-block-kadence-column > .kt-inside-inner-col > .kb-image746_ff1c9b-d5.kb-image-is-ratio-size, .wp-block-kadence-column > .kt-inside-inner-col > .kb-image746_ff1c9b-d5 .kb-image-is-ratio-size{align-self:unset;}.kb-image746_ff1c9b-d5 figure{max-width:309px;}.kb-image746_ff1c9b-d5 .image-is-svg, .kb-image746_ff1c9b-d5 .image-is-svg img{width:100%;}.kb-image746_ff1c9b-d5 .kb-image-has-overlay:after{opacity:0.3;}<\/style>\n<div class=\"wp-block-kadence-image kb-image746_ff1c9b-d5\"><figure class=\"alignright size-large\"><a href=\"https:\/\/i0.wp.com\/ringuettesaintlaurent.com\/fr\/wp-content\/uploads\/sites\/2\/2016\/03\/JVN-B-action-2.jpg?ssl=1\" class=\"kb-advanced-image-link\"><img data-recalc-dims=\"1\" decoding=\"async\" width=\"1024\" height=\"685\" data-src=\"https:\/\/i0.wp.com\/ringuettesaintlaurent.com\/fr\/wp-content\/uploads\/sites\/2\/2016\/03\/JVN-B-action-2.jpg?resize=1024%2C685&#038;ssl=1\" alt=\"\" class=\"kb-img wp-image-290 lazyload\" data-srcset=\"https:\/\/i0.wp.com\/ringuettesaintlaurent.com\/fr\/wp-content\/uploads\/sites\/2\/2016\/03\/JVN-B-action-2.jpg?resize=1024%2C685&amp;ssl=1 1024w, https:\/\/i0.wp.com\/ringuettesaintlaurent.com\/fr\/wp-content\/uploads\/sites\/2\/2016\/03\/JVN-B-action-2.jpg?resize=300%2C201&amp;ssl=1 300w, https:\/\/i0.wp.com\/ringuettesaintlaurent.com\/fr\/wp-content\/uploads\/sites\/2\/2016\/03\/JVN-B-action-2.jpg?resize=768%2C514&amp;ssl=1 768w, https:\/\/i0.wp.com\/ringuettesaintlaurent.com\/fr\/wp-content\/uploads\/sites\/2\/2016\/03\/JVN-B-action-2.jpg?resize=272%2C182&amp;ssl=1 272w\" data-sizes=\"(max-width: 1024px) 100vw, 1024px\" src=\"data:image\/svg+xml;base64,PHN2ZyB3aWR0aD0iMSIgaGVpZ2h0PSIxIiB4bWxucz0iaHR0cDovL3d3dy53My5vcmcvMjAwMC9zdmciPjwvc3ZnPg==\" style=\"--smush-placeholder-width: 1024px; --smush-placeholder-aspect-ratio: 1024\/685;\" \/><\/a><\/figure><\/div>\n\n\n<style>.wp-block-kadence-advancedheading.kt-adv-heading746_032ae1-be, .wp-block-kadence-advancedheading.kt-adv-heading746_032ae1-be[data-kb-block=\"kb-adv-heading746_032ae1-be\"]{max-width:100%;text-align:left;font-style:normal;}.wp-block-kadence-advancedheading.kt-adv-heading746_032ae1-be mark.kt-highlight, .wp-block-kadence-advancedheading.kt-adv-heading746_032ae1-be[data-kb-block=\"kb-adv-heading746_032ae1-be\"] mark.kt-highlight{font-style:normal;color:#f76a0c;-webkit-box-decoration-break:clone;box-decoration-break:clone;padding-top:0px;padding-right:0px;padding-bottom:0px;padding-left:0px;}<\/style>\n<p class=\"kt-adv-heading746_032ae1-be wp-block-kadence-advancedheading\" data-kb-block=\"kb-adv-heading746_032ae1-be\">Ringette offers an environment in which girls can build strong relationships by playing with a dozen other players, a few times a week. They are encouraged to develop core values such as collective respect and collaboration, all while aspiring to surpass their individual limits.<br><br>Being a sport destined for girls, ringette is about participation and <em>fairplay<\/em>. No one plays ringette with the intent of making it their career and this recreational spirit is reflected at all levels in the sport. It is embraced by the players, the coaching staff and the parents.<br><br>Les \u00e9quipes sont divis\u00e9es selon les groupes d\u2019\u00e2ges suivants. L\u2019\u00e2ge de la joueuse au 31 d\u00e9cembre est consid\u00e9r\u00e9.<\/p>\n\n\n\n<ul class=\"wp-block-list\">\n<li>Bunnies: 7 years and under<\/li>\n\n\n\n<li>Novice: 8 and 9 years<\/li>\n\n\n\n<li>Atom: 10 and 11 years<\/li>\n\n\n\n<li>Benjamin: 12 and 13 years<\/li>\n\n\n\n<li>Junior: 14 and 15 years<\/li>\n\n\n\n<li>Cadet: 16 to 18 years<\/li>\n\n\n\n<li>Intermediate: 21 years and over<\/li>\n<\/ul>\n\n\n<style>.wp-block-kadence-advancedheading.kt-adv-heading746_ceb1df-60, .wp-block-kadence-advancedheading.kt-adv-heading746_ceb1df-60[data-kb-block=\"kb-adv-heading746_ceb1df-60\"]{font-style:normal;}.wp-block-kadence-advancedheading.kt-adv-heading746_ceb1df-60 mark.kt-highlight, .wp-block-kadence-advancedheading.kt-adv-heading746_ceb1df-60[data-kb-block=\"kb-adv-heading746_ceb1df-60\"] mark.kt-highlight{font-style:normal;color:#f76a0c;-webkit-box-decoration-break:clone;box-decoration-break:clone;padding-top:0px;padding-right:0px;padding-bottom:0px;padding-left:0px;}<\/style>\n<h4 class=\"kt-adv-heading746_ceb1df-60 wp-block-kadence-advancedheading\" data-kb-block=\"kb-adv-heading746_ceb1df-60\">How a Season Runs<\/h4>\n\n\n<style>.wp-block-kadence-advancedheading.kt-adv-heading746_7856d4-2c, .wp-block-kadence-advancedheading.kt-adv-heading746_7856d4-2c[data-kb-block=\"kb-adv-heading746_7856d4-2c\"]{font-style:normal;}.wp-block-kadence-advancedheading.kt-adv-heading746_7856d4-2c mark.kt-highlight, .wp-block-kadence-advancedheading.kt-adv-heading746_7856d4-2c[data-kb-block=\"kb-adv-heading746_7856d4-2c\"] mark.kt-highlight{font-style:normal;color:#f76a0c;-webkit-box-decoration-break:clone;box-decoration-break:clone;padding-top:0px;padding-right:0px;padding-bottom:0px;padding-left:0px;}<\/style>\n<p class=\"kt-adv-heading746_7856d4-2c wp-block-kadence-advancedheading\" data-kb-block=\"kb-adv-heading746_7856d4-2c\">The ringette season starts in <strong>September<\/strong> and ends at the end of <strong>March <\/strong>for teams participating in the playoff series.<br><br>The girls get the opportunity to play about twenty matches in the course of a season. Half of these matches are held at the Raymond-Bourque arena and the other half, in arenas belonging to other cities in the region of Lac Saint-Louis: Pierrefonds\/DDO, Beaconsfield\/Kirkland, Pointe-Claire, Vaudreuil, NDG, and Montreal.<br><br>Including practices, there are 2 to 3 ice times per week, which are mainly on weekends. Practices are mostly at the Raymond-Bourque arena and occasionally at the arena of Cegep Saint-Laurent.<\/p>\n\n\n<style>.wp-block-kadence-advancedheading.kt-adv-heading746_706180-1f, .wp-block-kadence-advancedheading.kt-adv-heading746_706180-1f[data-kb-block=\"kb-adv-heading746_706180-1f\"]{font-style:normal;}.wp-block-kadence-advancedheading.kt-adv-heading746_706180-1f mark.kt-highlight, .wp-block-kadence-advancedheading.kt-adv-heading746_706180-1f[data-kb-block=\"kb-adv-heading746_706180-1f\"] mark.kt-highlight{font-style:normal;color:#f76a0c;-webkit-box-decoration-break:clone;box-decoration-break:clone;padding-top:0px;padding-right:0px;padding-bottom:0px;padding-left:0px;}<\/style>\n<h4 class=\"kt-adv-heading746_706180-1f wp-block-kadence-advancedheading\" data-kb-block=\"kb-adv-heading746_706180-1f\">Development Program to Learn How to Skate and Play Ringette<\/h4>\n\n\n<style>.kb-image746_ad2ee3-bf.kb-image-is-ratio-size, .kb-image746_ad2ee3-bf .kb-image-is-ratio-size{max-width:350px;width:100%;}.wp-block-kadence-column > .kt-inside-inner-col > .kb-image746_ad2ee3-bf.kb-image-is-ratio-size, .wp-block-kadence-column > .kt-inside-inner-col > .kb-image746_ad2ee3-bf .kb-image-is-ratio-size{align-self:unset;}.kb-image746_ad2ee3-bf figure{max-width:350px;}.kb-image746_ad2ee3-bf .image-is-svg, .kb-image746_ad2ee3-bf .image-is-svg img{width:100%;}.kb-image746_ad2ee3-bf .kb-image-has-overlay:after{opacity:0.3;}<\/style>\n<div class=\"wp-block-kadence-image kb-image746_ad2ee3-bf\"><figure class=\"alignleft size-full\"><a href=\"https:\/\/i0.wp.com\/ringuettesaintlaurent.com\/fr\/wp-content\/uploads\/sites\/2\/2018\/05\/Moustique-practice-Small.jpg?ssl=1\" class=\"kb-advanced-image-link\"><img data-recalc-dims=\"1\" decoding=\"async\" width=\"617\" height=\"411\" data-src=\"https:\/\/i0.wp.com\/ringuettesaintlaurent.com\/fr\/wp-content\/uploads\/sites\/2\/2018\/05\/Moustique-practice-Small.jpg?resize=617%2C411&#038;ssl=1\" alt=\"\" class=\"kb-img wp-image-552 lazyload\" data-srcset=\"https:\/\/i0.wp.com\/ringuettesaintlaurent.com\/fr\/wp-content\/uploads\/sites\/2\/2018\/05\/Moustique-practice-Small.jpg?w=617&amp;ssl=1 617w, https:\/\/i0.wp.com\/ringuettesaintlaurent.com\/fr\/wp-content\/uploads\/sites\/2\/2018\/05\/Moustique-practice-Small.jpg?resize=300%2C200&amp;ssl=1 300w, https:\/\/i0.wp.com\/ringuettesaintlaurent.com\/fr\/wp-content\/uploads\/sites\/2\/2018\/05\/Moustique-practice-Small.jpg?resize=272%2C182&amp;ssl=1 272w\" data-sizes=\"(max-width: 617px) 100vw, 617px\" src=\"data:image\/svg+xml;base64,PHN2ZyB3aWR0aD0iMSIgaGVpZ2h0PSIxIiB4bWxucz0iaHR0cDovL3d3dy53My5vcmcvMjAwMC9zdmciPjwvc3ZnPg==\" style=\"--smush-placeholder-width: 617px; --smush-placeholder-aspect-ratio: 617\/411;\" \/><\/a><\/figure><\/div>\n\n\n\n<p>To start playing ringette, <strong>children are not required to know how to skate<\/strong>. Our program allows them to learn to skate while having fun with a ring and a stick. For someone who wants to learn how to skate and play, the Bunnies program starts in September and runs for one hour every Saturday and Sunday afternoon. The first months are focused on learning to skate while playing games and gradually, ringette notions are introduced.<br><br>In January, February and March, the new skaters will have the opportunity to play their first ringette matches against beginner players from surrounding cities. Each year, we manage to organize between 6 and 8 friendly games for the beginner ringette players.<br><br>When there are sufficient players aged 7 and under who can skate well, we organize matches against other Lac Saint-Louis teams as early as November.<br><\/p>\n\n\n<style>.wp-block-kadence-advancedheading.kt-adv-heading746_234e07-54, .wp-block-kadence-advancedheading.kt-adv-heading746_234e07-54[data-kb-block=\"kb-adv-heading746_234e07-54\"]{font-style:normal;}.wp-block-kadence-advancedheading.kt-adv-heading746_234e07-54 mark.kt-highlight, .wp-block-kadence-advancedheading.kt-adv-heading746_234e07-54[data-kb-block=\"kb-adv-heading746_234e07-54\"] mark.kt-highlight{font-style:normal;color:#f76a0c;-webkit-box-decoration-break:clone;box-decoration-break:clone;padding-top:0px;padding-right:0px;padding-bottom:0px;padding-left:0px;}<\/style>\n<h4 class=\"kt-adv-heading746_234e07-54 wp-block-kadence-advancedheading\" data-kb-block=\"kb-adv-heading746_234e07-54\">What are the Differences between Hockey and Ringette?<\/h4>\n\n\n<style>.kb-image746_74f4dd-d0.kb-image-is-ratio-size, .kb-image746_74f4dd-d0 .kb-image-is-ratio-size{max-width:300px;width:100%;}.wp-block-kadence-column > .kt-inside-inner-col > .kb-image746_74f4dd-d0.kb-image-is-ratio-size, .wp-block-kadence-column > .kt-inside-inner-col > .kb-image746_74f4dd-d0 .kb-image-is-ratio-size{align-self:unset;}.kb-image746_74f4dd-d0 figure{max-width:300px;}.kb-image746_74f4dd-d0 .image-is-svg, .kb-image746_74f4dd-d0 .image-is-svg img{width:100%;}.kb-image746_74f4dd-d0 .kb-image-has-overlay:after{opacity:0.3;}<\/style>\n<div class=\"wp-block-kadence-image kb-image746_74f4dd-d0\"><figure class=\"alignright size-large\"><a href=\"https:\/\/i0.wp.com\/ringuettesaintlaurent.com\/fr\/wp-content\/uploads\/sites\/2\/2018\/05\/IMG_0925.jpg?ssl=1\" class=\"kb-advanced-image-link\"><img data-recalc-dims=\"1\" decoding=\"async\" width=\"1024\" height=\"768\" data-src=\"https:\/\/i0.wp.com\/ringuettesaintlaurent.com\/fr\/wp-content\/uploads\/sites\/2\/2018\/05\/IMG_0925.jpg?resize=1024%2C768&#038;ssl=1\" alt=\"\" class=\"kb-img wp-image-533 lazyload\" data-srcset=\"https:\/\/i0.wp.com\/ringuettesaintlaurent.com\/fr\/wp-content\/uploads\/sites\/2\/2018\/05\/IMG_0925.jpg?resize=1024%2C768&amp;ssl=1 1024w, https:\/\/i0.wp.com\/ringuettesaintlaurent.com\/fr\/wp-content\/uploads\/sites\/2\/2018\/05\/IMG_0925.jpg?resize=300%2C225&amp;ssl=1 300w, https:\/\/i0.wp.com\/ringuettesaintlaurent.com\/fr\/wp-content\/uploads\/sites\/2\/2018\/05\/IMG_0925.jpg?resize=768%2C576&amp;ssl=1 768w, https:\/\/i0.wp.com\/ringuettesaintlaurent.com\/fr\/wp-content\/uploads\/sites\/2\/2018\/05\/IMG_0925.jpg?w=2580&amp;ssl=1 2580w\" data-sizes=\"(max-width: 1024px) 100vw, 1024px\" src=\"data:image\/svg+xml;base64,PHN2ZyB3aWR0aD0iMSIgaGVpZ2h0PSIxIiB4bWxucz0iaHR0cDovL3d3dy53My5vcmcvMjAwMC9zdmciPjwvc3ZnPg==\" style=\"--smush-placeholder-width: 1024px; --smush-placeholder-aspect-ratio: 1024\/768;\" \/><\/a><\/figure><\/div>\n\n\n\n<p>Ringette equipment is very similar to hockey; only the visor, the pants and the stick are different. For more details on equipment, see this <a href=\"https:\/\/www.ringettepei.ca\/cloud\/ringettepei\/files\/player%20equipment.png\" title=\"image \">image<\/a> from Ringuette Canada. <br><br>As for the <a href=\"https:\/\/ringuettesaintlaurent.com\/fr\/en\/regles-de-base-pour-la-ringuette\/\">rules of the game<\/a>, it's totally different! It's faster than hockey, because players have to make a pass at each blue line. This makes for a very quick transition, and it's even possible to make a pass from the middle of the rink to a player directly in front of the goal. Some say ringette players are better skaters than hockey players, because the game is all about moving fast and pivoting with the ring to break through the defense. You be the judge!<\/p>\n\n\n<style>.wp-block-kadence-advancedbtn.kb-btns746_760cc5-2d{gap:var(--global-kb-gap-xs, 0.5rem );justify-content:center;align-items:center;}.kt-btns746_760cc5-2d .kt-button{font-weight:normal;font-style:normal;}.kt-btns746_760cc5-2d .kt-btn-wrap-0{margin-right:5px;}.wp-block-kadence-advancedbtn.kt-btns746_760cc5-2d .kt-btn-wrap-0 .kt-button{color:#555555;border-color:#555555;}.wp-block-kadence-advancedbtn.kt-btns746_760cc5-2d .kt-btn-wrap-0 .kt-button:hover, .wp-block-kadence-advancedbtn.kt-btns746_760cc5-2d .kt-btn-wrap-0 .kt-button:focus{color:#ffffff;border-color:#444444;}.wp-block-kadence-advancedbtn.kt-btns746_760cc5-2d .kt-btn-wrap-0 .kt-button::before{display:none;}.wp-block-kadence-advancedbtn.kt-btns746_760cc5-2d .kt-btn-wrap-0 .kt-button:hover, .wp-block-kadence-advancedbtn.kt-btns746_760cc5-2d .kt-btn-wrap-0 .kt-button:focus{background:#444444;}<\/style>\n<div class=\"wp-block-kadence-advancedbtn kb-buttons-wrap kb-btns746_760cc5-2d\"><style>ul.menu .wp-block-kadence-advancedbtn .kb-btn746_eda041-d7.kb-button{width:initial;}.wp-block-kadence-advancedbtn .kb-btn746_eda041-d7.kb-button{background:var(--global-palette2, #2B6CB0);}.wp-block-kadence-advancedbtn .kb-btn746_eda041-d7.kb-button:hover, .wp-block-kadence-advancedbtn .kb-btn746_eda041-d7.kb-button:focus{background:var(--global-palette1, #3182CE);}<\/style><a class=\"kb-button kt-button button kb-btn746_eda041-d7 kt-btn-size-standard kt-btn-width-type-auto kb-btn-global-fill kt-btn-has-text-true kt-btn-has-svg-false wp-block-kadence-singlebtn\" href=\"https:\/\/ringuettesaintlaurent.com\/fr\/en\/inscription\/\"><span class=\"kt-btn-inner-text\">Register Online<\/span><\/a><\/div>\n\n\n\n<p>For more information, do not hesitate to contact us by email at: <a href=\"mailto:info@ringuettesaintlaurent.com\" title=\"info@ringuettesaintlaurent.com\">info@ringuettesaintlaurent.com<\/a><\/p>","protected":false},"excerpt":{"rendered":"<p>La ringuette offre un environnement o\u00f9 les filles tissent des liens forts en c\u00f4toyant une dizaine d\u2019autres joueuses quelques fois par semaines. Elles vont d\u00e9velopper des valeurs de respect collectif et d\u2019entraide tout en essayant de se d\u00e9passer. \u00c9tant un sport destin\u00e9 aux filles, la ringuette est ax\u00e9e sur la participation et le fairplay. Il&#8230;<\/p>","protected":false},"author":1,"featured_media":0,"parent":0,"menu_order":0,"comment_status":"closed","ping_status":"closed","template":"","meta":{"_kad_post_transparent":"","_kad_post_title":"","_kad_post_layout":"","_kad_post_sidebar_id":"","_kad_post_content_style":"","_kad_post_vertical_padding":"","_kad_post_feature":"","_kad_post_feature_position":"","_kad_post_header":false,"_kad_post_footer":false,"jetpack_post_was_ever_published":false,"footnotes":"","_links_to":"","_links_to_target":""},"class_list":["post-746","page","type-page","status-publish","hentry"],"jetpack_sharing_enabled":true,"jetpack_shortlink":"https:\/\/wp.me\/P9XyVy-c2","jetpack-related-posts":[],"_links":{"self":[{"href":"http:\/\/ringuettesaintlaurent.com\/fr\/en\/wp-json\/wp\/v2\/pages\/746","targetHints":{"allow":["GET"]}}],"collection":[{"href":"http:\/\/ringuettesaintlaurent.com\/fr\/en\/wp-json\/wp\/v2\/pages"}],"about":[{"href":"http:\/\/ringuettesaintlaurent.com\/fr\/en\/wp-json\/wp\/v2\/types\/page"}],"author":[{"embeddable":true,"href":"http:\/\/ringuettesaintlaurent.com\/fr\/en\/wp-json\/wp\/v2\/users\/1"}],"replies":[{"embeddable":true,"href":"http:\/\/ringuettesaintlaurent.com\/fr\/en\/wp-json\/wp\/v2\/comments?post=746"}],"version-history":[{"count":0,"href":"http:\/\/ringuettesaintlaurent.com\/fr\/en\/wp-json\/wp\/v2\/pages\/746\/revisions"}],"wp:attachment":[{"href":"http:\/\/ringuettesaintlaurent.com\/fr\/en\/wp-json\/wp\/v2\/media?parent=746"}],"curies":[{"name":"wp","href":"https:\/\/api.w.org\/{rel}","templated":true}]}}